{"id":361,"date":"2022-12-10T12:51:01","date_gmt":"2022-12-10T12:51:01","guid":{"rendered":"https:\/\/inacioshotel.com.br\/site\/?page_id=361"},"modified":"2022-12-27T01:41:21","modified_gmt":"2022-12-27T01:41:21","slug":"suite-master-2","status":"publish","type":"page","link":"https:\/\/inacioshotel.com.br\/site\/suite-master-2\/","title":{"rendered":"Su\u00edte Master"},"content":{"rendered":"<section class=\"wpb-content-wrapper\"><p>[vc_row full_width=&#8221;stretch_row_content_no_spaces&#8221; css_animation=&#8221;slideInDown&#8221; css=&#8221;.vc_custom_1670692953148{padding-top: 50px !important;padding-bottom: 50px !important;background: #008c46 url(https:\/\/inacioshotel.com.br\/site\/wp-content\/uploads\/2022\/12\/bk.jpg?id=478) !important;}&#8221;][vc_column][vc_custom_heading text=&#8221;SU\u00cdTE MASTER&#8221; font_container=&#8221;tag:h1|text_align:center|color:%23ffffff&#8221; google_fonts=&#8221;font_family:ABeeZee%3Aregular%2Citalic|font_style:400%20regular%3A400%3Anormal&#8221;][\/vc_column][\/vc_row][vc_row fixed_width=&#8221;true&#8221; el_class=&#8221;shb-accommodation-single-2-wrapper&#8221; css=&#8221;.vc_custom_1627550306821{margin-top: 80px !important;margin-right: 0px !important;margin-bottom: 0px !important;margin-left: 0px !important;border-top-width: 0px !important;border-right-width: 0px !important;border-bottom-width: 0px !important;border-left-width: 0px !important;padding-top: 0px !important;padding-right: 0px !important;padding-bottom: 0px !important;padding-left: 0px !important;}&#8221;][vc_column css_animation=&#8221;rollIn&#8221; width=&#8221;2\/3&#8243; css=&#8221;.vc_custom_1670676062549{margin-top: 0px !important;margin-right: 0px !important;margin-bottom: 0px !important;margin-left: 0px !important;border-top-width: 0px !important;border-right-width: 0px !important;border-bottom-width: 0px !important;border-left-width: 0px !important;padding-top: 0px !important;padding-right: 0px !important;padding-bottom: 0px !important;padding-left: 0px !important;}&#8221;][shb_title_with_icons icon_1=&#8221;fa-bed&#8221; title_1=&#8221;Camas&#8221; value_1=&#8221;1 Casal | 1 Solteiro&#8221; icon_2=&#8221;fa-ruler-combined&#8221; title_2=&#8221;Tamanho&#8221; value_2=&#8221;35 m\u00b2&#8221; icon_3=&#8221;fa-binoculars&#8221; hotel_selection=&#8221;1&#8243;][vc_media_grid element_width=&#8221;2&#8243; item=&#8221;mediaGrid_ScaleInWithIcon&#8221; grid_id=&#8221;vc_gid:1672105200538-0b7b50bc-a9e1-0&#8243; include=&#8221;671,672,676,680&#8243;][vc_column_text]<\/p>\n<table>\n<tbody>\n<tr>\n<td><i class=\"fas fa-wifi\"><\/i>Wi-Fi de alta velocidade no quarto<\/td>\n<td><i class=\"fas fa-cocktail\"><\/i>Frigobar<\/td>\n<\/tr>\n<tr>\n<td><i class=\"fa fa-wheelchair\"><\/i>Acesso para cadeira de rodas<\/td>\n<td><i class=\"fas fa-child\"><\/i>Adequado para crian\u00e7as<\/td>\n<\/tr>\n<tr>\n<td><\/td>\n<td><\/td>\n<\/tr>\n<\/tbody>\n<\/table>\n<p>[\/vc_column_text]<h3 class=\"sohohotel-title-25px sohohotel-clearfix sohohotel-title-center\">Reserve J\u00e1!<\/h3>\n<div class=\"wpcf7 no-js\" id=\"wpcf7-f60-o1\" lang=\"en-US\" dir=\"ltr\" data-wpcf7-id=\"60\">\n<div class=\"screen-reader-response\"><p role=\"status\" aria-live=\"polite\" aria-atomic=\"true\"><\/p> <ul><\/ul><\/div>\n<form action=\"\/site\/wp-json\/wp\/v2\/pages\/361#wpcf7-f60-o1\" method=\"post\" class=\"wpcf7-form init\" aria-label=\"Contact form\" novalidate=\"novalidate\" data-status=\"init\">\n<fieldset class=\"hidden-fields-container\"><input type=\"hidden\" name=\"_wpcf7\" value=\"60\" \/><input type=\"hidden\" name=\"_wpcf7_version\" value=\"6.1.5\" \/><input type=\"hidden\" name=\"_wpcf7_locale\" value=\"en_US\" \/><input type=\"hidden\" name=\"_wpcf7_unit_tag\" value=\"wpcf7-f60-o1\" \/><input type=\"hidden\" name=\"_wpcf7_container_post\" value=\"0\" \/><input type=\"hidden\" name=\"_wpcf7_posted_data_hash\" value=\"\" \/>\n<\/fieldset>\n<p class=\"spam-master-hidden\"><label class=\"spam-master-hidden\" for=\"spammaster_extra_field_1\">Insert your mother second name<br><input class=\"spam-master-hidden input\" type=\"text\" name=\"spammaster_extra_field_1\" id=\"spammaster_extra_field_1\" autocomplete=\"off\" value=\"\" \/><\/label><\/p><p class=\"spam-master-hidden\"><label class=\"spam-master-hidden\" for=\"spammaster_extra_field_2\">Insert your father second name<br><input class=\"spam-master-hidden input\" type=\"text\" name=\"spammaster_extra_field_2\" id=\"spammaster_extra_field_2\" autocomplete=\"off\" value=\"\" \/><\/label><\/p><div class=\"shb-clearfix\">\n\t<div class=\"shb-one-half\">\n\t\t<p><label>Seu Nome <span>*<\/span><\/label><span class=\"wpcf7-form-control-wrap\" data-name=\"your-name\"><input size=\"40\" maxlength=\"400\" class=\"wpcf7-form-control wpcf7-text wpcf7-validates-as-required\" aria-required=\"true\" aria-invalid=\"false\" value=\"\" type=\"text\" name=\"your-name\" \/><\/span>\n\t\t<\/p>\n\t<\/div>\n\t<div class=\"shb-one-half\">\n\t\t<p><label>Quantidade de H\u00f3spedes <span>*<\/span><\/label>\n\t\t<\/p>\n\t\t<div class=\"sohohotel-select-wrapper\">\n\t\t\t<p><span class=\"wpcf7-form-control-wrap\" data-name=\"number-of-guests\"><select class=\"wpcf7-form-control wpcf7-select\" aria-invalid=\"false\" name=\"number-of-guests\"><option value=\"1\">1<\/option><option value=\"2\">2<\/option><option value=\"3\">3<\/option><option value=\"4\">4<\/option><option value=\"5\">5<\/option><option value=\"6\">6<\/option><option value=\"7\">7<\/option><option value=\"8\">8<\/option><option value=\"9\">9<\/option><option value=\"10\">10<\/option><\/select><\/span><i class=\"fas fa-chevron-down\"><\/i>\n\t\t\t<\/p>\n\t\t<\/div>\n\t<\/div>\n<\/div>\n<div class=\"shb-clearfix\">\n\t<div class=\"shb-one-half\">\n\t\t<p><label>Data de Entrada <span>*<\/span><\/label><span class=\"wpcf7-form-control-wrap\" data-name=\"check-in\"><input class=\"wpcf7-form-control wpcf7-date wpcf7-validates-as-date\" aria-invalid=\"false\" value=\"\" type=\"date\" name=\"check-in\" \/><\/span>\n\t\t<\/p>\n\t<\/div>\n\t<div class=\"shb-one-half\">\n\t\t<p><label>Data de Sa\u00edda <span>*<\/span><\/label><span class=\"wpcf7-form-control-wrap\" data-name=\"check-out\"><input class=\"wpcf7-form-control wpcf7-date wpcf7-validates-as-date\" aria-invalid=\"false\" value=\"\" type=\"date\" name=\"check-out\" \/><\/span>\n\t\t<\/p>\n\t<\/div>\n<\/div>\n<div class=\"shb-clearfix\">\n\t<p><label>Tipo do Apartamento <span>*<\/span><\/label>\n\t<\/p>\n\t<div class=\"sohohotel-select-wrapper\">\n\t\t<p><span class=\"wpcf7-form-control-wrap\" data-name=\"room-type\"><select class=\"wpcf7-form-control wpcf7-select\" aria-invalid=\"false\" name=\"room-type\"><option value=\"--Selecione um Apartamento--\">--Selecione um Apartamento--<\/option><option value=\"Apartamento Duplo\">Apartamento Duplo<\/option><option value=\"Apartamento Triplo\">Apartamento Triplo<\/option><option value=\"Apartamento Casal\">Apartamento Casal<\/option><option value=\"Apartamento Casal\/Solteiro\">Apartamento Casal\/Solteiro<\/option><option value=\"Mine Su\u00edte\">Mine Su\u00edte<\/option><option value=\"Su\u00edte Master\">Su\u00edte Master<\/option><\/select><\/span><i class=\"fas fa-chevron-down\"><\/i>\n\t\t<\/p>\n\t<\/div>\n<\/div>\n<div class=\"shb-clearfix\">\n\t<div class=\"shb-one-half\">\n\t\t<p><label>Seu Email <span>*<\/span><\/label><span class=\"wpcf7-form-control-wrap\" data-name=\"your-email\"><input size=\"40\" maxlength=\"400\" class=\"wpcf7-form-control wpcf7-email wpcf7-validates-as-required wpcf7-text wpcf7-validates-as-email\" aria-required=\"true\" aria-invalid=\"false\" value=\"\" type=\"email\" name=\"your-email\" \/><\/span>\n\t\t<\/p>\n\t<\/div>\n\t<div class=\"shb-one-half\">\n\t\t<p><label>Fone para Contato <span>*<\/span><\/label><span class=\"wpcf7-form-control-wrap\" data-name=\"your-phone\"><input size=\"40\" maxlength=\"400\" class=\"wpcf7-form-control wpcf7-tel wpcf7-text wpcf7-validates-as-tel\" aria-invalid=\"false\" value=\"\" type=\"tel\" name=\"your-phone\" \/><\/span>\n\t\t<\/p>\n\t<\/div>\n<\/div>\n<p><label>Observa\u00e7\u00f5es<\/label><span class=\"wpcf7-form-control-wrap\" data-name=\"special-requirements\"><textarea cols=\"40\" rows=\"10\" maxlength=\"2000\" class=\"wpcf7-form-control wpcf7-textarea shb-booking-form-special-req\" aria-invalid=\"false\" name=\"special-requirements\"><\/textarea><\/span><input class=\"wpcf7-form-control wpcf7-submit has-spinner\" type=\"submit\" value=\"Enviar\" \/>\n<\/p><p class=\"spam-master-sig\"><label for=\"spam_master\"><a href=\"https:\/\/www.spammaster.org\/\" target=\"_blank\" title=\"Protected by Spam Master\">Protected by Spam Master<\/a><\/label><\/p><p style=\"display: none !important;\" class=\"akismet-fields-container\" data-prefix=\"_wpcf7_ak_\"><label>&#916;<textarea name=\"_wpcf7_ak_hp_textarea\" cols=\"45\" rows=\"8\" maxlength=\"100\"><\/textarea><\/label><input type=\"hidden\" id=\"ak_js_1\" name=\"_wpcf7_ak_js\" value=\"119\"\/><script>\ndocument.getElementById( \"ak_js_1\" ).setAttribute( \"value\", ( new Date() ).getTime() );\n<\/script>\n<\/p><div class=\"wpcf7-response-output\" aria-hidden=\"true\"><\/div>\n<\/form>\n<\/div>\n[\/vc_column][vc_column width=&#8221;1\/3&#8243;]<h3 class=\"sohohotel-title-25px sohohotel-clearfix sohohotel-title-center\">Importante<\/h3>[vc_column_text css_animation=&#8221;bounceInRight&#8221;]<\/p>\n<ul>\n<li><i class=\"fa fa-money\"><\/i> O pagamento da 1\u00aa di\u00e1ria dever\u00e1 ser feito no check in, e as demais ser\u00e3o cobradas a cada 02 dias.<\/li>\n<li><i class=\"fa fa-credit-card green-color\"><\/i> Trabalhamos com todos os cart\u00f5es de cr\u00e9dito com pagamento \u00fanico.<\/li>\n<li><i class=\"fas fa-hamburger\"><\/i> O Hotel n\u00e3o disponibiliza servi\u00e7o de restaurante, nem room service.<\/li>\n<li><i class=\"fa fa-ban\"><\/i> N\u00e3o \u00e9 permitido a presen\u00e7a de c\u00e3es ou qualquer animal nos apartamentos ou em outras depend\u00eancias do hotel.<\/li>\n<li><i class=\"fa fa-ban\"><\/i> Visitas ser\u00e3o recebidas nos sal\u00f5es do Hotel, ficando vedada sua perman\u00eancia nos aposentos.<\/li>\n<li><i class=\"fa fa-ban\"><\/i> Nossos funcion\u00e1rios n\u00e3o podem sair do hotel para comprar artigos para voc\u00ea.<\/li>\n<li><i class=\"fa fa-ban\"><\/i> N\u00e3o ser\u00e1 permitido a entrada de menores de idade sem a presen\u00e7a de seus pais ou respons\u00e1veis legais<\/li>\n<\/ul>\n<p><img loading=\"lazy\" decoding=\"async\" class=\"alignnone size-medium wp-image-1004\" src=\"https:\/\/inacioshotel.com.br\/site\/wp-content\/uploads\/2022\/12\/R-300x44.png\" alt=\"\" width=\"300\" height=\"44\" srcset=\"https:\/\/inacioshotel.com.br\/site\/wp-content\/uploads\/2022\/12\/R-300x44.png 300w, https:\/\/inacioshotel.com.br\/site\/wp-content\/uploads\/2022\/12\/R-768x112.png 768w, https:\/\/inacioshotel.com.br\/site\/wp-content\/uploads\/2022\/12\/R-100x15.png 100w, https:\/\/inacioshotel.com.br\/site\/wp-content\/uploads\/2022\/12\/R-600x88.png 600w, https:\/\/inacioshotel.com.br\/site\/wp-content\/uploads\/2022\/12\/R.png 916w\" sizes=\"auto, (max-width: 300px) 100vw, 300px\" \/>[\/vc_column_text][\/vc_column][\/vc_row]<\/p>\n<\/section>","protected":false},"excerpt":{"rendered":"<p>[vc_row full_width=&#8221;stretch_row_content_no_spaces&#8221; css_animation=&#8221;slideInDown&#8221; css=&#8221;.vc_custom_1670692953148{padding-top: 50px !important;padding-bottom: 50px !important;background: #008c46 url(https:\/\/inacioshotel.com.br\/site\/wp-content\/uploads\/2022\/12\/bk.jpg?id=478) !important;}&#8221;][vc_column][vc_custom_heading text=&#8221;SU\u00cdTE MASTER&#8221; font_container=&#8221;tag:h1|text_align:center|color:%23ffffff&#8221; google_fonts=&#8221;font_family:ABeeZee%3Aregular%2Citalic|font_style:400%20regular%3A400%3Anormal&#8221;][\/vc_column][\/vc_row][vc_row fixed_width=&#8221;true&#8221; el_class=&#8221;shb-accommodation-single-2-wrapper&#8221; css=&#8221;.vc_custom_1627550306821{margin-top: 80px !important;margin-right: 0px !important;margin-bottom: 0px !important;margin-left: 0px !important;border-top-width: 0px !important;border-right-width: 0px !important;border-bottom-width: 0px !important;border-left-width: 0px !important;padding-top: 0px !important;padding-right: 0px !important;padding-bottom: 0px !important;padding-left: 0px !important;}&#8221;][vc_column css_animation=&#8221;rollIn&#8221; width=&#8221;2\/3&#8243; css=&#8221;.vc_custom_1670676062549{margin-top: 0px !important;margin-right: 0px !important;margin-bottom: 0px !important;margin-left: 0px !important;border-top-width: 0px !important;border-right-width:<\/p>\n<a href=\"https:\/\/inacioshotel.com.br\/site\/suite-master-2\/\" class=\"sohohotel-more-link\">Read More<\/a>","protected":false},"author":1,"featured_media":0,"parent":0,"menu_order":0,"comment_status":"closed","ping_status":"closed","template":"","meta":{"_joinchat":[],"footnotes":""},"class_list":["post-361","page","type-page","status-publish","hentry"],"_links":{"self":[{"href":"https:\/\/inacioshotel.com.br\/site\/wp-json\/wp\/v2\/pages\/361","targetHints":{"allow":["GET"]}}],"collection":[{"href":"https:\/\/inacioshotel.com.br\/site\/wp-json\/wp\/v2\/pages"}],"about":[{"href":"https:\/\/inacioshotel.com.br\/site\/wp-json\/wp\/v2\/types\/page"}],"author":[{"embeddable":true,"href":"https:\/\/inacioshotel.com.br\/site\/wp-json\/wp\/v2\/users\/1"}],"replies":[{"embeddable":true,"href":"https:\/\/inacioshotel.com.br\/site\/wp-json\/wp\/v2\/comments?post=361"}],"version-history":[{"count":10,"href":"https:\/\/inacioshotel.com.br\/site\/wp-json\/wp\/v2\/pages\/361\/revisions"}],"predecessor-version":[{"id":814,"href":"https:\/\/inacioshotel.com.br\/site\/wp-json\/wp\/v2\/pages\/361\/revisions\/814"}],"wp:attachment":[{"href":"https:\/\/inacioshotel.com.br\/site\/wp-json\/wp\/v2\/media?parent=361"}],"curies":[{"name":"wp","href":"https:\/\/api.w.org\/{rel}","templated":true}]}}