{"id":388,"date":"2022-12-10T13:29:44","date_gmt":"2022-12-10T13:29:44","guid":{"rendered":"https:\/\/inacioshotel.com.br\/site\/?page_id=388"},"modified":"2022-12-30T20:22:56","modified_gmt":"2022-12-30T20:22:56","slug":"sala-de-eventos","status":"publish","type":"page","link":"https:\/\/inacioshotel.com.br\/site\/sala-de-eventos\/","title":{"rendered":"Sala de Eventos"},"content":{"rendered":"<section class=\"wpb-content-wrapper\"><p>[vc_row full_width=&#8221;stretch_row_content_no_spaces&#8221; css_animation=&#8221;slideInDown&#8221; css=&#8221;.vc_custom_1670693723806{padding-top: 50px !important;padding-bottom: 50px !important;background: #008c46 url(https:\/\/inacioshotel.com.br\/site\/wp-content\/uploads\/2022\/12\/bk.jpg?id=478) !important;}&#8221;][vc_column][vc_custom_heading text=&#8221;SALA DE EVENTOS&#8221; font_container=&#8221;tag:h1|text_align:center|color:%23ffffff&#8221; google_fonts=&#8221;font_family:ABeeZee%3Aregular%2Citalic|font_style:400%20regular%3A400%3Anormal&#8221;][\/vc_column][\/vc_row][vc_row fixed_width=&#8221;true&#8221;][vc_column][vc_column_text]<\/p>\n<h5 style=\"text-align: center;\">In\u00e1cios Hotel disponibiliza de uma recep\u00e7\u00e3o com profissionais prontos para lhe-receber<\/h5>\n<p>[\/vc_column_text][vc_masonry_media_grid element_width=&#8221;6&#8243; initial_loading_animation=&#8221;none&#8221; grid_id=&#8221;vc_gid:1672431729188-f10de419-0fb7-7&#8243; include=&#8221;1115,1114&#8243;][vc_empty_space][vc_separator][\/vc_column][\/vc_row][vc_row][vc_column]<div class=\"sohohotel-fixed-height-text-image-wrapper sohohotel-clearfix\"><div class=\"sohohotel-fixed-height-text-wrapper sohohotel-fixed-height-text-wrapper-left\"><h3 class=\"sohohotel-title-28px sohohotel-clearfix sohohotel-title-left\">Sala Reuni\u00e3o<\/h3><\/p>\n<h5 style=\"text-align: center;\">In\u00e1cios Hotel oferece uma sala especial para reuni\u00e3o com ar e uma excelente equipe de apoio que acomodam 20 pessoas com conforto.<\/h5>\n<p><\/div><div class=\"sohohotel-fixed-height-image-wrapper sohohotel-fixed-height-image-wrapper-right\"><div class=\"sohohotel-fixed-height-image\" style=\"background-image: url(https:\/\/inacioshotel.com.br\/site\/wp-content\/uploads\/2022\/12\/Inacios03.jpg); background-size: 600px 400px; height: 400px;\"><\/div><\/div><\/div>[vc_empty_space][vc_separator][vc_empty_space][\/vc_column][\/vc_row][vc_row gap=&#8221;3&#8243; content_placement=&#8221;middle&#8221;][vc_column][vc_column_text]<\/p>\n<h5 style=\"text-align: center;\">\u00a0\u201cUm bom caf\u00e9 da manh\u00e3 \u00e9 uma motiva\u00e7\u00e3o para o dia.\u201d<\/h5>\n<h6 style=\"text-align: center;\"><strong>Caf\u00e9 da Manh\u00e3 das 6:30 \u00e0s 9:30<\/strong><\/h6>\n<p>[\/vc_column_text][\/vc_column][\/vc_row][vc_row][vc_column][vc_empty_space][vc_masonry_media_grid grid_id=&#8221;vc_gid:1672431729189-dfb5acba-7e95-10&#8243; include=&#8221;628,626,607,598,618,619,620,621,624,625,627,640,660,651,643&#8243;][\/vc_column][\/vc_row]<\/p>\n<\/section>","protected":false},"excerpt":{"rendered":"<p>[vc_row full_width=&#8221;stretch_row_content_no_spaces&#8221; css_animation=&#8221;slideInDown&#8221; css=&#8221;.vc_custom_1670693723806{padding-top: 50px !important;padding-bottom: 50px !important;background: #008c46 url(https:\/\/inacioshotel.com.br\/site\/wp-content\/uploads\/2022\/12\/bk.jpg?id=478) !important;}&#8221;][vc_column][vc_custom_heading text=&#8221;SALA DE EVENTOS&#8221; font_container=&#8221;tag:h1|text_align:center|color:%23ffffff&#8221; google_fonts=&#8221;font_family:ABeeZee%3Aregular%2Citalic|font_style:400%20regular%3A400%3Anormal&#8221;][\/vc_column][\/vc_row][vc_row fixed_width=&#8221;true&#8221;][vc_column][vc_column_text] In\u00e1cios Hotel disponibiliza de uma recep\u00e7\u00e3o com profissionais prontos para lhe-receber [\/vc_column_text][vc_masonry_media_grid element_width=&#8221;6&#8243; initial_loading_animation=&#8221;none&#8221; grid_id=&#8221;vc_gid:1672431729188-f10de419-0fb7-7&#8243; include=&#8221;1115,1114&#8243;][vc_empty_space][vc_separator][\/vc_column][\/vc_row][vc_row][vc_column][vc_empty_space][vc_separator][vc_empty_space][\/vc_column][\/vc_row][vc_row gap=&#8221;3&#8243; content_placement=&#8221;middle&#8221;][vc_column][vc_column_text] \u00a0\u201cUm bom caf\u00e9 da manh\u00e3 \u00e9 uma motiva\u00e7\u00e3o para o dia.\u201d Caf\u00e9 da Manh\u00e3 das 6:30 \u00e0s 9:30 [\/vc_column_text][\/vc_column][\/vc_row][vc_row][vc_column][vc_empty_space][vc_masonry_media_grid grid_id=&#8221;vc_gid:1672431729189-dfb5acba-7e95-10&#8243;<\/p>\n<a href=\"https:\/\/inacioshotel.com.br\/site\/sala-de-eventos\/\" class=\"sohohotel-more-link\">Read More<\/a>","protected":false},"author":1,"featured_media":0,"parent":0,"menu_order":0,"comment_status":"closed","ping_status":"closed","template":"","meta":{"_joinchat":[],"footnotes":""},"class_list":["post-388","page","type-page","status-publish","hentry"],"_links":{"self":[{"href":"https:\/\/inacioshotel.com.br\/site\/wp-json\/wp\/v2\/pages\/388","targetHints":{"allow":["GET"]}}],"collection":[{"href":"https:\/\/inacioshotel.com.br\/site\/wp-json\/wp\/v2\/pages"}],"about":[{"href":"https:\/\/inacioshotel.com.br\/site\/wp-json\/wp\/v2\/types\/page"}],"author":[{"embeddable":true,"href":"https:\/\/inacioshotel.com.br\/site\/wp-json\/wp\/v2\/users\/1"}],"replies":[{"embeddable":true,"href":"https:\/\/inacioshotel.com.br\/site\/wp-json\/wp\/v2\/comments?post=388"}],"version-history":[{"count":43,"href":"https:\/\/inacioshotel.com.br\/site\/wp-json\/wp\/v2\/pages\/388\/revisions"}],"predecessor-version":[{"id":1112,"href":"https:\/\/inacioshotel.com.br\/site\/wp-json\/wp\/v2\/pages\/388\/revisions\/1112"}],"wp:attachment":[{"href":"https:\/\/inacioshotel.com.br\/site\/wp-json\/wp\/v2\/media?parent=388"}],"curies":[{"name":"wp","href":"https:\/\/api.w.org\/{rel}","templated":true}]}}