{"id":64,"date":"2022-12-07T18:49:30","date_gmt":"2022-12-07T18:49:30","guid":{"rendered":"https:\/\/inacioshotel.com.br\/site\/about-us-ii\/"},"modified":"2023-02-25T12:16:03","modified_gmt":"2023-02-25T12:16:03","slug":"o-hotel","status":"publish","type":"page","link":"https:\/\/inacioshotel.com.br\/site\/o-hotel\/","title":{"rendered":"O Hotel"},"content":{"rendered":"<section class=\"wpb-content-wrapper\"><p>[vc_row full_width=&#8221;stretch_row_content_no_spaces&#8221; css_animation=&#8221;none&#8221; css=&#8221;.vc_custom_1672241979078{padding-top: 50px !important;padding-right: 50px !important;padding-bottom: 50px !important;padding-left: 50px !important;background: #008c46 url(https:\/\/inacioshotel.com.br\/site\/wp-content\/uploads\/2022\/12\/bk.jpg?id=478) !important;}&#8221;][vc_column][vc_custom_heading text=&#8221;O HOTEL&#8221; font_container=&#8221;tag:h1|text_align:center|color:%23ffffff&#8221; google_fonts=&#8221;font_family:ABeeZee%3Aregular%2Citalic|font_style:400%20regular%3A400%3Anormal&#8221;][\/vc_column][\/vc_row][vc_row fixed_width=&#8221;true&#8221; css=&#8221;.vc_custom_1627562291998{margin-top: 0px !important;margin-bottom: 0px !important;border-top-width: 0px !important;border-bottom-width: 0px !important;padding-top: 10px !important;padding-bottom: 0px !important;}&#8221;][vc_column css_animation=&#8221;none&#8221; css=&#8221;.vc_custom_1672241990350{margin-top: 0px !important;margin-bottom: 0px !important;border-top-width: 0px !important;border-bottom-width: 0px !important;padding-top: 0px !important;padding-bottom: 0px !important;}&#8221;]<div class=\"sohohotel-fixed-height-text-image-wrapper sohohotel-clearfix\"><div class=\"sohohotel-fixed-height-text-wrapper sohohotel-fixed-height-text-wrapper-left\"><h3 class=\"sohohotel-title-28px sohohotel-clearfix sohohotel-title-left\">O Hotel<\/h3><\/p>\n<p style=\"text-align: justify;\">O\u00a0<strong>In\u00e1cios Hotel<\/strong>\u00a0surgiu em 1991 gra\u00e7as a determina\u00e7\u00e3o do empres\u00e1rio goiano Dimas In\u00e1cio de Faria e sua esposa Z\u00e9lia Bento Farias em acreditar no futuro de Reden\u00e7\u00e3o e saber da necessidade que os visitantes e empres\u00e1rios tinham em se hospedar num local confort\u00e1vel, seguro e de ambiente familiar.<\/p>\n<p style=\"text-align: justify;\">A\u00a0fam\u00edlia<strong> In\u00e1cio Faria<\/strong>\u00a0iniciou seus empreendimentos no sul do Para ainda na d\u00e9cada de 70 por ter uma vis\u00e3o promissora da regi\u00e3o e desde ent\u00e3o vem contribuindo com muita dedica\u00e7\u00e3o e amor pelo desenvolvimento de Reden\u00e7\u00e3o<\/p>\n<p><\/div><div class=\"sohohotel-fixed-height-image-wrapper sohohotel-fixed-height-image-wrapper-right\"><div class=\"sohohotel-fixed-height-image\" style=\"background-image: url(https:\/\/inacioshotel.com.br\/site\/wp-content\/uploads\/2022\/12\/Inacios.jpg); background-size: 600px 400px; height: 400px;\"><\/div><\/div><\/div><div class=\"sohohotel-fixed-height-text-image-wrapper sohohotel-clearfix\"><div class=\"sohohotel-fixed-height-text-wrapper sohohotel-fixed-height-text-wrapper-right\"><h3 class=\"sohohotel-title-28px sohohotel-clearfix sohohotel-title-left\">\u00c1rea<\/h3><\/p>\n<p style=\"text-align: justify;\">O hotel esta Localizado em uma \u00e1rea constru\u00ed\u00adda de 1450m2, com estrutura ampla e confort\u00e1vel de 46 apartamentos entre casal, duplo e triplos, incluindo tamb\u00e9m uma su\u00edte master, oferecendo aos seus hospedes acomoda\u00e7\u00f5es com decora\u00e7\u00f5es exclusivas e todo o conforto para que se sinta sempre bem.<\/p>\n<p><\/div><div class=\"sohohotel-fixed-height-image-wrapper sohohotel-fixed-height-image-wrapper-left\"><div class=\"sohohotel-fixed-height-image\" style=\"background-image: url(https:\/\/inacioshotel.com.br\/site\/wp-content\/uploads\/2022\/12\/patio.jpg); background-size: 600px 400px; height: 400px;\"><\/div><\/div><\/div><div class=\"sohohotel-fixed-height-text-image-wrapper sohohotel-clearfix\"><div class=\"sohohotel-fixed-height-text-wrapper sohohotel-fixed-height-text-wrapper-left\"><h3 class=\"sohohotel-title-28px sohohotel-clearfix sohohotel-title-left\">Servi\u00e7os<\/h3><\/p>\n<p style=\"text-align: justify;\">Todos os apartamentos e su\u00ed\u00adtes disp\u00f5em de TV por assinatura, Ar condicionado, telefone, frigobar e banheiro com sistema de \u00e1gua quente e fria e exclusiva decora\u00e7\u00e3o .<br \/>\nO Inacios Hotel oferece incluso na di\u00e1ria o mais saboroso caf\u00e9 da manha da regi\u00e3o com uma variedade de p\u00e3es de fabrica\u00e7\u00e3o pr\u00f3pria, bolos, frutas, sucos e o delicioso p\u00e3o de queijo goiano e coalhada s\u00ed\u00adria, al\u00e9m dos produtos light, fazendo com que nosso hotel tenha mais este grande diferencial.<\/p>\n<p><\/div><div class=\"sohohotel-fixed-height-image-wrapper sohohotel-fixed-height-image-wrapper-right\"><div class=\"sohohotel-fixed-height-image\" style=\"background-image: url(https:\/\/inacioshotel.com.br\/site\/wp-content\/uploads\/2022\/12\/lanche.jpg); background-size: 600px 400px; height: 400px;\"><\/div><\/div><\/div>[\/vc_column][\/vc_row]<\/p>\n<\/section>","protected":false},"excerpt":{"rendered":"<p>[vc_row full_width=&#8221;stretch_row_content_no_spaces&#8221; css_animation=&#8221;none&#8221; css=&#8221;.vc_custom_1672241979078{padding-top: 50px !important;padding-right: 50px !important;padding-bottom: 50px !important;padding-left: 50px !important;background: #008c46 url(https:\/\/inacioshotel.com.br\/site\/wp-content\/uploads\/2022\/12\/bk.jpg?id=478) !important;}&#8221;][vc_column][vc_custom_heading text=&#8221;O HOTEL&#8221; font_container=&#8221;tag:h1|text_align:center|color:%23ffffff&#8221; google_fonts=&#8221;font_family:ABeeZee%3Aregular%2Citalic|font_style:400%20regular%3A400%3Anormal&#8221;][\/vc_column][\/vc_row][vc_row fixed_width=&#8221;true&#8221; css=&#8221;.vc_custom_1627562291998{margin-top: 0px !important;margin-bottom: 0px !important;border-top-width: 0px !important;border-bottom-width: 0px !important;padding-top: 10px !important;padding-bottom: 0px !important;}&#8221;][vc_column css_animation=&#8221;none&#8221; css=&#8221;.vc_custom_1672241990350{margin-top: 0px !important;margin-bottom: 0px !important;border-top-width: 0px !important;border-bottom-width: 0px !important;padding-top: 0px !important;padding-bottom: 0px !important;}&#8221;][\/vc_column][\/vc_row]<\/p>\n<a href=\"https:\/\/inacioshotel.com.br\/site\/o-hotel\/\" class=\"sohohotel-more-link\">Read More<\/a>","protected":false},"author":1,"featured_media":0,"parent":0,"menu_order":0,"comment_status":"closed","ping_status":"closed","template":"","meta":{"_joinchat":[],"footnotes":""},"class_list":["post-64","page","type-page","status-publish","hentry"],"_links":{"self":[{"href":"https:\/\/inacioshotel.com.br\/site\/wp-json\/wp\/v2\/pages\/64","targetHints":{"allow":["GET"]}}],"collection":[{"href":"https:\/\/inacioshotel.com.br\/site\/wp-json\/wp\/v2\/pages"}],"about":[{"href":"https:\/\/inacioshotel.com.br\/site\/wp-json\/wp\/v2\/types\/page"}],"author":[{"embeddable":true,"href":"https:\/\/inacioshotel.com.br\/site\/wp-json\/wp\/v2\/users\/1"}],"replies":[{"embeddable":true,"href":"https:\/\/inacioshotel.com.br\/site\/wp-json\/wp\/v2\/comments?post=64"}],"version-history":[{"count":16,"href":"https:\/\/inacioshotel.com.br\/site\/wp-json\/wp\/v2\/pages\/64\/revisions"}],"predecessor-version":[{"id":1143,"href":"https:\/\/inacioshotel.com.br\/site\/wp-json\/wp\/v2\/pages\/64\/revisions\/1143"}],"wp:attachment":[{"href":"https:\/\/inacioshotel.com.br\/site\/wp-json\/wp\/v2\/media?parent=64"}],"curies":[{"name":"wp","href":"https:\/\/api.w.org\/{rel}","templated":true}]}}