{"id":80,"date":"2022-12-07T18:49:30","date_gmt":"2022-12-07T18:49:30","guid":{"rendered":"https:\/\/inacioshotel.com.br\/site\/home-i\/"},"modified":"2023-01-02T13:24:52","modified_gmt":"2023-01-02T13:24:52","slug":"home-i","status":"publish","type":"page","link":"https:\/\/inacioshotel.com.br\/site\/","title":{"rendered":"Home"},"content":{"rendered":"<section class=\"wpb-content-wrapper\"><p>[vc_row css=&#8221;.vc_custom_1626770139067{margin-top: 0px !important;margin-right: 0px !important;margin-bottom: 0px !important;margin-left: 0px !important;border-top-width: 0px !important;border-right-width: 0px !important;border-bottom-width: 0px !important;border-left-width: 0px !important;padding-top: 0px !important;padding-right: 0px !important;padding-bottom: 0px !important;padding-left: 0px !important;background-color: #f2f2f3 !important;}&#8221; el_class=&#8221;sohohotel-slideshow-wrapper-1&#8243;][vc_column css_animation=&#8221;bounceInLeft&#8221; css=&#8221;.vc_custom_1671591779245{margin-top: 0px !important;margin-right: 0px !important;margin-bottom: 0px !important;margin-left: 0px !important;border-top-width: 0px !important;border-right-width: 0px !important;border-bottom-width: 0px !important;border-left-width: 0px !important;padding-top: 0px !important;padding-right: 0px !important;padding-bottom: 0px !important;padding-left: 0px !important;border-left-color: #6b6b6b !important;border-right-color: #6b6b6b !important;border-top-color: #6b6b6b !important;border-bottom-color: #6b6b6b !important;}&#8221;]<div class=\"flexslider sohohotel-slider-fullscreen\"><ul class=\"slides\"><li style=\"height: calc(100vh - 140px);\"><div class=\"sohohotel-slider-overlay\" style=\"background:#000;opacity:0.5\"><\/div><div class=\"sohohotel-slide-image\" style=\"background-image:url(https:\/\/inacioshotel.com.br\/site\/wp-content\/uploads\/2022\/12\/13122022-IMG_9450.jpg);\"><\/div><\/li><li style=\"height: calc(100vh - 140px);\"><div class=\"sohohotel-slider-overlay\" style=\"background:#000;opacity:0.5\"><\/div><div class=\"sohohotel-slide-image\" style=\"background-image:url(https:\/\/inacioshotel.com.br\/site\/wp-content\/uploads\/2022\/12\/13122022-IMG_9689.jpg);\"><\/div><\/li><\/ul><\/div>[\/vc_column][\/vc_row][vc_row css=&#8221;.vc_custom_1670539754694{margin-top: 0px !important;margin-bottom: 0px !important;border-top-width: 0px !important;border-bottom-width: 0px !important;padding-top: 80px !important;padding-bottom: 80px !important;background-color: #f2f2f3 !important;}&#8221;][vc_column css_animation=&#8221;none&#8221; css=&#8221;.vc_custom_1672090317192{margin-top: 0px !important;margin-bottom: 0px !important;border-top-width: 0px !important;border-bottom-width: 0px !important;padding-top: 0px !important;padding-bottom: 0px !important;}&#8221;]<h3 class=\"sohohotel-title-35px sohohotel-clearfix sohohotel-title-center\">Bem Vindo<\/h3>[vc_column_text el_class=&#8221;sohohotel-section-wrapper-1&#8243;]<\/p>\n<p style=\"text-align: center;\">O In\u00e1cio Hotel est\u00e1 situado pr\u00f3ximo ao centro comercial da cidade de Reden\u00e7\u00e3o-PA. Com uma \u00c1rea constru\u00edda de 1450m2, o hotel possui uma estrutura ampla e confort\u00e1vel, com 46 apartamentos entre casal, duplos e triplos, incluindo tamb\u00e9m uma su\u00edte master, oferecendo aos seus h\u00f3spedes acomoda\u00e7\u00f5es e cuidados. Conta ainda com um ambiente confort\u00e1vel, com restaurante e churrascaria<\/p>\n<p style=\"text-align: center;\">Apartamentos com ar condicionado, frigobar, internet sem fio 24h, TV a cabo, telefone, sala de reuni\u00f5es, Garagem privativa e excelente caf\u00e9 da manh\u00e3<\/p>\n<p>[\/vc_column_text][\/vc_column][\/vc_row][vc_row fixed_width=&#8221;true&#8221; css=&#8221;.vc_custom_1670683630136{margin-top: 0px !important;margin-right: 0px !important;margin-bottom: 0px !important;margin-left: 0px !important;border-top-width: 0px !important;border-right-width: 0px !important;border-bottom-width: 0px !important;border-left-width: 0px !important;padding-top: 0px !important;padding-right: 0px !important;padding-bottom: 0px !important;padding-left: 0px !important;}&#8221;][vc_column css_animation=&#8221;none&#8221; css=&#8221;.vc_custom_1672090374971{margin-top: 0px !important;margin-right: 0px !important;margin-bottom: 0px !important;margin-left: 0px !important;border-top-width: 0px !important;border-right-width: 0px !important;border-bottom-width: 0px !important;border-left-width: 0px !important;padding-top: 0px !important;padding-right: 0px !important;padding-bottom: 0px !important;padding-left: 0px !important;}&#8221;]<section class=\"sohohotel-image-text-wrapper sohohotel-clearfix sohohotel-image-text-wrapper-right-align\"><div class=\"sohohotel-it-image-wrapper\" style=\"background-image:url(https:\/\/inacioshotel.com.br\/site\/wp-content\/uploads\/2022\/12\/recepcao.png);\"><img decoding=\"async\" src=\"https:\/\/inacioshotel.com.br\/site\/wp-content\/uploads\/2022\/12\/recepcao.png\" alt=\"\" \/><\/div><div class=\"sohohotel-it-text-wrapper\" style=\"background: ;\"><h3 class=\"sohohotel-title-28px sohohotel-clearfix sohohotel-title-left\" style=\"color: ;\">Sobre n\u00f3s<\/h3><p style=\"color: ;\">O In\u00e1cios Hotel surgiu em 1991 gra\u00e7as a determina\u00e7\u00e3o do empres\u00e1rio goiano Dimas In\u00e1cio de Faria e sua esposa Z\u00e9lia Bento Farias em acreditar no futuro de Reden\u00e7\u00e3o e saber da necessidade que os visitantes e empres\u00e1rios tinham em se hospedar num local confort\u00e1vel, seguro e de ambiente familiar.<\/p><a href=\"https:\/\/inacioshotel.com.br\/site\/o-hotel\/\" class=\"sohohotel-button1\" >Saiba Mais<\/a><div class=\"gallery\"><div class=\"gallery-item\"><div class=\"gallery-icon\"><a href=\"\" data-gal=\"prettyPhoto[gallery-48]\"><img decoding=\"async\" src=\"\" alt=\"\"><\/a><\/div><\/div><br style=\"clear: both;\"><\/div><\/div><\/section>[\/vc_column][\/vc_row][vc_row fixed_width=&#8221;true&#8221; css=&#8221;.vc_custom_1670682994343{margin-top: 0px !important;margin-right: 0px !important;margin-bottom: 0px !important;margin-left: 0px !important;border-top-width: 0px !important;border-right-width: 0px !important;border-bottom-width: 0px !important;border-left-width: 0px !important;padding-top: 0px !important;padding-right: 0px !important;padding-bottom: 0px !important;padding-left: 0px !important;}&#8221;][vc_column css_animation=&#8221;bounceInLeft&#8221; css=&#8221;.vc_custom_1670537965009{margin-top: 0px !important;margin-right: 0px !important;margin-bottom: 0px !important;margin-left: 0px !important;border-top-width: 0px !important;border-right-width: 0px !important;border-bottom-width: 0px !important;border-left-width: 0px !important;padding-top: 0px !important;padding-right: 0px !important;padding-bottom: 0px !important;padding-left: 0px !important;}&#8221;][vc_empty_space][\/vc_column][\/vc_row][vc_row][vc_column][vc_custom_heading text=&#8221;Apartamentos&#8221; font_container=&#8221;tag:h2|text_align:center&#8221; use_theme_fonts=&#8221;yes&#8221; link=&#8221;url:https%3A%2F%2Finacioshotel.com.br%2Fsite%2Fapartamentos%2F|title:Apartamentos&#8221;][vc_row_inner fixed_width=&#8221;true&#8221;][vc_column_inner width=&#8221;1\/3&#8243;][vc_hoverbox image=&#8221;714&#8243; primary_title=&#8221;&#8221; hover_title=&#8221;&#8221; shape=&#8221;square&#8221; hover_background_color=&#8221;custom&#8221; hover_btn_title=&#8221;Veja Mais&#8221; css_animation=&#8221;none&#8221; use_custom_fonts_primary_title=&#8221;true&#8221; use_custom_fonts_hover_title=&#8221;true&#8221; hover_add_button=&#8221;true&#8221; hover_custom_background=&#8221;#9dd67e&#8221; hover_title_link=&#8221;url:https%3A%2F%2Finacioshotel.com.br%2Fsite%2Fapartamento-casal-solteiro%2F|title:Apartamento%20Casal%2FSolteiro&#8221; hover_btn_link=&#8221;url:https%3A%2F%2Finacioshotel.com.br%2Fsite%2Fapartamento-casal-solteiro%2F|title:Casal%2FSolteiro&#8221;]Apartamento Solteiro[\/vc_hoverbox][vc_empty_space][vc_hoverbox image=&#8221;698&#8243; primary_title=&#8221;&#8221; hover_title=&#8221;&#8221; shape=&#8221;square&#8221; hover_background_color=&#8221;custom&#8221; hover_btn_title=&#8221;Veja Mais&#8221; css_animation=&#8221;none&#8221; hover_add_button=&#8221;true&#8221; hover_custom_background=&#8221;#9dd67e&#8221; hover_btn_link=&#8221;url:https%3A%2F%2Finacioshotel.com.br%2Fsite%2Fapartamento-triplo%2F|title:Apartamento%20Triplo&#8221;]Apartamento Triplo[\/vc_hoverbox][\/vc_column_inner][vc_column_inner width=&#8221;1\/3&#8243;][vc_hoverbox image=&#8221;559&#8243; primary_title=&#8221;&#8221; hover_title=&#8221;&#8221; shape=&#8221;square&#8221; hover_background_color=&#8221;custom&#8221; hover_btn_title=&#8221;Veja Mais&#8221; css_animation=&#8221;none&#8221; hover_add_button=&#8221;true&#8221; hover_custom_background=&#8221;#9dd67e&#8221; hover_btn_link=&#8221;url:https%3A%2F%2Finacioshotel.com.br%2Fsite%2Fmine-suite%2F|title:Apartamento%20Casal&#8221;]Apartamento Casal[\/vc_hoverbox][vc_empty_space][vc_hoverbox image=&#8221;669&#8243; primary_title=&#8221;&#8221; hover_title=&#8221;&#8221; shape=&#8221;square&#8221; hover_background_color=&#8221;custom&#8221; hover_btn_title=&#8221;Veja Mais&#8221; css_animation=&#8221;none&#8221; hover_add_button=&#8221;true&#8221; hover_custom_background=&#8221;#9dd67e&#8221; hover_btn_link=&#8221;url:https%3A%2F%2Finacioshotel.com.br%2Fsite%2Fsuite%2F|title:Su%C3%ADte&#8221;]Su\u00edte[\/vc_hoverbox][\/vc_column_inner][vc_column_inner width=&#8221;1\/3&#8243;][vc_hoverbox image=&#8221;558&#8243; primary_title=&#8221;&#8221; hover_title=&#8221;&#8221; shape=&#8221;square&#8221; hover_background_color=&#8221;custom&#8221; hover_btn_title=&#8221;Veja Mais&#8221; css_animation=&#8221;none&#8221; hover_add_button=&#8221;true&#8221; hover_custom_background=&#8221;#9dd67e&#8221; hover_btn_link=&#8221;url:https%3A%2F%2Finacioshotel.com.br%2Fsite%2Fapartamento-duplo%2F|title:Apartamento%20Duplo&#8221;]Apartamento Duplo[\/vc_hoverbox][vc_empty_space][vc_hoverbox image=&#8221;671&#8243; primary_title=&#8221;&#8221; hover_title=&#8221;&#8221; shape=&#8221;square&#8221; hover_background_color=&#8221;custom&#8221; hover_btn_title=&#8221;Veja Mais&#8221; css_animation=&#8221;none&#8221; use_custom_fonts_hover_title=&#8221;true&#8221; hover_add_button=&#8221;true&#8221; hover_custom_background=&#8221;#9dd67e&#8221; hover_btn_link=&#8221;url:https%3A%2F%2Finacioshotel.com.br%2Fsite%2Fsuite-master|title:Conhe%C3%A7a%20Reden%C3%A7%C3%A3o&#8221; hover_title_link=&#8221;url:https%3A%2F%2Finacioshotel.com.br%2Fsite%2Fsuite-master-2%2F|title:Su%C3%ADte%20Master&#8221;]Su\u00edte Master[\/vc_hoverbox][\/vc_column_inner][\/vc_row_inner][\/vc_column][\/vc_row]<\/p>\n<\/section>","protected":false},"excerpt":{"rendered":"<p>[vc_row css=&#8221;.vc_custom_1626770139067{margin-top: 0px !important;margin-right: 0px !important;margin-bottom: 0px !important;margin-left: 0px !important;border-top-width: 0px !important;border-right-width: 0px !important;border-bottom-width: 0px !important;border-left-width: 0px !important;padding-top: 0px !important;padding-right: 0px !important;padding-bottom: 0px !important;padding-left: 0px !important;background-color: #f2f2f3 !important;}&#8221; el_class=&#8221;sohohotel-slideshow-wrapper-1&#8243;][vc_column css_animation=&#8221;bounceInLeft&#8221; css=&#8221;.vc_custom_1671591779245{margin-top: 0px !important;margin-right: 0px !important;margin-bottom: 0px !important;margin-left: 0px !important;border-top-width: 0px !important;border-right-width: 0px !important;border-bottom-width: 0px !important;border-left-width: 0px !important;padding-top: 0px !important;padding-right: 0px !important;padding-bottom: 0px !important;padding-left: 0px !important;border-left-color:<\/p>\n<a href=\"https:\/\/inacioshotel.com.br\/site\/\" class=\"sohohotel-more-link\">Read More<\/a>","protected":false},"author":1,"featured_media":0,"parent":0,"menu_order":0,"comment_status":"closed","ping_status":"closed","template":"","meta":{"_joinchat":{"telephone":"+5594992307434"},"footnotes":""},"class_list":["post-80","page","type-page","status-publish","hentry"],"_links":{"self":[{"href":"https:\/\/inacioshotel.com.br\/site\/wp-json\/wp\/v2\/pages\/80","targetHints":{"allow":["GET"]}}],"collection":[{"href":"https:\/\/inacioshotel.com.br\/site\/wp-json\/wp\/v2\/pages"}],"about":[{"href":"https:\/\/inacioshotel.com.br\/site\/wp-json\/wp\/v2\/types\/page"}],"author":[{"embeddable":true,"href":"https:\/\/inacioshotel.com.br\/site\/wp-json\/wp\/v2\/users\/1"}],"replies":[{"embeddable":true,"href":"https:\/\/inacioshotel.com.br\/site\/wp-json\/wp\/v2\/comments?post=80"}],"version-history":[{"count":71,"href":"https:\/\/inacioshotel.com.br\/site\/wp-json\/wp\/v2\/pages\/80\/revisions"}],"predecessor-version":[{"id":1136,"href":"https:\/\/inacioshotel.com.br\/site\/wp-json\/wp\/v2\/pages\/80\/revisions\/1136"}],"wp:attachment":[{"href":"https:\/\/inacioshotel.com.br\/site\/wp-json\/wp\/v2\/media?parent=80"}],"curies":[{"name":"wp","href":"https:\/\/api.w.org\/{rel}","templated":true}]}}